{"id":4,"date":"2018-03-18T08:01:52","date_gmt":"2018-03-18T08:01:52","guid":{"rendered":"https:\/\/www.polszkaszkolaleeds.org.uk\/?page_id=4"},"modified":"2026-01-31T12:37:46","modified_gmt":"2026-01-31T12:37:46","slug":"nasza-historia","status":"publish","type":"page","link":"https:\/\/szkola.parafialeeds.org.uk\/","title":{"rendered":"Strona G\u0142\u00f3wna"},"content":{"rendered":"\n<h3 class=\"wp-block-heading\"><strong>Drodzy Rodzice i Opiekunowie<\/strong> &#8211; 13 wrzesie\u0144 2025<\/h3>\n\n\n\n<h3 class=\"wp-block-heading\">Witamy wszystkich serdecznie w nowym roku szkolnym. Mamy nadziej\u0119 \u017ce wszyscy mieli spokojne wakacje i wr\u00f3cili pe\u0142ni energii i zapa\u0142u do pracy.<\/h3>\n\n\n\n<p><strong><u>OP\u0141ATY ZA SZKO\u0141\u0118<\/u><\/strong><\/p>\n\n\n\n<p>Informacja o op\u0142atach szkolnych znadujemy <a href=\"https:\/\/szkola.parafialeeds.org.uk\/?page_id=20\">tutaj&#8230;<\/a><\/p>\n\n\n\n<hr class=\"wp-block-separator has-alpha-channel-opacity\"\/>\n\n\n\n<figure class=\"wp-block-image size-full\"><img loading=\"lazy\" decoding=\"async\" width=\"940\" height=\"788\" src=\"https:\/\/szkola.parafialeeds.org.uk\/wp-content\/uploads\/2026\/01\/WhatsApp-Image-2026-01-28-at-22.08.33.jpeg\" alt=\"\" class=\"wp-image-695\" srcset=\"https:\/\/szkola.parafialeeds.org.uk\/wp-content\/uploads\/2026\/01\/WhatsApp-Image-2026-01-28-at-22.08.33.jpeg 940w, https:\/\/szkola.parafialeeds.org.uk\/wp-content\/uploads\/2026\/01\/WhatsApp-Image-2026-01-28-at-22.08.33-300x251.jpeg 300w, https:\/\/szkola.parafialeeds.org.uk\/wp-content\/uploads\/2026\/01\/WhatsApp-Image-2026-01-28-at-22.08.33-768x644.jpeg 768w, https:\/\/szkola.parafialeeds.org.uk\/wp-content\/uploads\/2026\/01\/WhatsApp-Image-2026-01-28-at-22.08.33-624x523.jpeg 624w\" sizes=\"auto, (max-width: 940px) 100vw, 940px\" \/><\/figure>\n\n\n\n<figure class=\"wp-block-image size-large\"><img loading=\"lazy\" decoding=\"async\" width=\"822\" height=\"1024\" src=\"https:\/\/szkola.parafialeeds.org.uk\/wp-content\/uploads\/2026\/01\/Screenshot-2026-01-31-123644-822x1024.png\" alt=\"\" class=\"wp-image-697\" srcset=\"https:\/\/szkola.parafialeeds.org.uk\/wp-content\/uploads\/2026\/01\/Screenshot-2026-01-31-123644-822x1024.png 822w, https:\/\/szkola.parafialeeds.org.uk\/wp-content\/uploads\/2026\/01\/Screenshot-2026-01-31-123644-241x300.png 241w, https:\/\/szkola.parafialeeds.org.uk\/wp-content\/uploads\/2026\/01\/Screenshot-2026-01-31-123644-768x956.png 768w, https:\/\/szkola.parafialeeds.org.uk\/wp-content\/uploads\/2026\/01\/Screenshot-2026-01-31-123644-624x777.png 624w, https:\/\/szkola.parafialeeds.org.uk\/wp-content\/uploads\/2026\/01\/Screenshot-2026-01-31-123644.png 1105w\" sizes=\"auto, (max-width: 822px) 100vw, 822px\" \/><\/figure>\n\n\n\n<figure class=\"wp-block-image size-full\"><img loading=\"lazy\" decoding=\"async\" width=\"940\" height=\"788\" src=\"https:\/\/szkola.parafialeeds.org.uk\/wp-content\/uploads\/2025\/07\/Zadanie_Wielka-Brytania-cz.1_Leeds.png\" alt=\"\" class=\"wp-image-680\" srcset=\"https:\/\/szkola.parafialeeds.org.uk\/wp-content\/uploads\/2025\/07\/Zadanie_Wielka-Brytania-cz.1_Leeds.png 940w, https:\/\/szkola.parafialeeds.org.uk\/wp-content\/uploads\/2025\/07\/Zadanie_Wielka-Brytania-cz.1_Leeds-300x251.png 300w, https:\/\/szkola.parafialeeds.org.uk\/wp-content\/uploads\/2025\/07\/Zadanie_Wielka-Brytania-cz.1_Leeds-768x644.png 768w, https:\/\/szkola.parafialeeds.org.uk\/wp-content\/uploads\/2025\/07\/Zadanie_Wielka-Brytania-cz.1_Leeds-624x523.png 624w\" sizes=\"auto, (max-width: 940px) 100vw, 940px\" \/><\/figure>\n\n\n\n<hr class=\"wp-block-separator has-alpha-channel-opacity\"\/>\n\n\n\n<p><strong><u>PRZYPROWADZANIE I ODBIERANIE DZIECI<\/u><\/strong><\/p>\n\n\n\n<p><strong>ADMINISTRACJA SZKO\u0141Y MUZU\u0141MA\u0143SKIEJ PRZYPOMINA RODZICOM, \u017bE WST\u0118P DO SZKO\u0141Y MUZU\u0141MA\u0143SKIEJ JEST ZABRONIONY<\/strong>. Czekamy na podw\u00f3rku na swoje dzieci. Je\u017celi jest potrzeba aby odebra\u0107 dziecko podczas zaj\u0119\u0107 szkolnych, prosz\u0119 o kontakt z nasz\u0105 administracj\u0105, kt\u00f3ra odbierze dziecko.<\/p>\n\n\n\n<p><strong><u>UZUPE\u0141NIENIE DANYCH<\/u><\/strong><\/p>\n\n\n\n<p>W przypadku zmiany danych (np. zmiana nr kontaktowego rodzic\u00f3w\/opiekun\u00f3w, zmiana adresu itd.) prosimy o ich aktualizowanie. Formularze otrzyma\u0107 mo\u017cna przy stoliku administracyjnym, lub przekaza\u0107 emailem. <strong>Wa\u017cne jest, aby\u015bmy mieli dok\u0142adny adres e-mailowy\u2026..<\/strong><\/p>\n\n\n\n<p><strong><u>ZABRONIONE JEST OPUSZCZANIE TERENU SZKO\u0141Y PODCZAS PRZERW. <\/u><\/strong><\/p>\n\n\n\n<p>Uczniowie s\u0105 zobowi\u0105zani przebywa\u0107 na terenie szko\u0142y od rozpocz\u0119cia do zako\u0144czenia zaj\u0119\u0107.<\/p>\n\n\n\n<p>\u017byczymy wszystkim dzieciom i rodzicom pomy\u015blnego roku szkolnego.<\/p>\n\n\n\n<p><strong>Administracja Polskiej Szko\u0142y Sobotniej w Leeds.<\/strong><\/p>\n\n\n\n<p><\/p>\n","protected":false},"excerpt":{"rendered":"<p>Drodzy Rodzice i Opiekunowie &#8211; 13 wrzesie\u0144 2025 Witamy wszystkich serdecznie w nowym roku szkolnym. Mamy nadziej\u0119 \u017ce wszyscy mieli spokojne wakacje i wr\u00f3cili pe\u0142ni energii i zapa\u0142u do pracy&#8230;. <a href=\"https:\/\/szkola.parafialeeds.org.uk\/\">Read more &raquo;<\/a><\/p>\n","protected":false},"author":1,"featured_media":0,"parent":0,"menu_order":0,"comment_status":"closed","ping_status":"closed","template":"","meta":{"footnotes":""},"class_list":["post-4","page","type-page","status-publish","hentry"],"_links":{"self":[{"href":"https:\/\/szkola.parafialeeds.org.uk\/index.php?rest_route=\/wp\/v2\/pages\/4","targetHints":{"allow":["GET"]}}],"collection":[{"href":"https:\/\/szkola.parafialeeds.org.uk\/index.php?rest_route=\/wp\/v2\/pages"}],"about":[{"href":"https:\/\/szkola.parafialeeds.org.uk\/index.php?rest_route=\/wp\/v2\/types\/page"}],"author":[{"embeddable":true,"href":"https:\/\/szkola.parafialeeds.org.uk\/index.php?rest_route=\/wp\/v2\/users\/1"}],"replies":[{"embeddable":true,"href":"https:\/\/szkola.parafialeeds.org.uk\/index.php?rest_route=%2Fwp%2Fv2%2Fcomments&post=4"}],"version-history":[{"count":57,"href":"https:\/\/szkola.parafialeeds.org.uk\/index.php?rest_route=\/wp\/v2\/pages\/4\/revisions"}],"predecessor-version":[{"id":698,"href":"https:\/\/szkola.parafialeeds.org.uk\/index.php?rest_route=\/wp\/v2\/pages\/4\/revisions\/698"}],"wp:attachment":[{"href":"https:\/\/szkola.parafialeeds.org.uk\/index.php?rest_route=%2Fwp%2Fv2%2Fmedia&parent=4"}],"curies":[{"name":"wp","href":"https:\/\/api.w.org\/{rel}","templated":true}]}}