{"id":22,"date":"2018-05-27T05:37:26","date_gmt":"2018-05-27T05:37:26","guid":{"rendered":"https:\/\/www.polszkaszkolaleeds.org.uk\/?page_id=22"},"modified":"2021-05-15T11:20:35","modified_gmt":"2021-05-15T11:20:35","slug":"formularze","status":"publish","type":"page","link":"https:\/\/szkola.parafialeeds.org.uk\/?page_id=22","title":{"rendered":"Formularze"},"content":{"rendered":"<p><a href=\"http:\/\/www.parafialeeds.org.uk\/form\/formularz_szkola.pdf\" target=\"_blank\" rel=\"noopener noreferrer\">Formularz rejestracji dziecka do szko\u0142y<\/a><\/p>\n<p><a href=\"mailto:szkola@parafialeeds.org.uk\" data-wplink-edit=\"true\">Zmiana danych dziecka ucz\u0119szczaj\u0105cego<\/a><\/p>\n\n\n<p><\/p>\n","protected":false},"excerpt":{"rendered":"<p>Formularz rejestracji dziecka do szko\u0142y Zmiana danych dziecka ucz\u0119szczaj\u0105cego<\/p>\n","protected":false},"author":1,"featured_media":0,"parent":0,"menu_order":0,"comment_status":"closed","ping_status":"closed","template":"","meta":{"footnotes":""},"class_list":["post-22","page","type-page","status-publish","hentry"],"_links":{"self":[{"href":"https:\/\/szkola.parafialeeds.org.uk\/index.php?rest_route=\/wp\/v2\/pages\/22","targetHints":{"allow":["GET"]}}],"collection":[{"href":"https:\/\/szkola.parafialeeds.org.uk\/index.php?rest_route=\/wp\/v2\/pages"}],"about":[{"href":"https:\/\/szkola.parafialeeds.org.uk\/index.php?rest_route=\/wp\/v2\/types\/page"}],"author":[{"embeddable":true,"href":"https:\/\/szkola.parafialeeds.org.uk\/index.php?rest_route=\/wp\/v2\/users\/1"}],"replies":[{"embeddable":true,"href":"https:\/\/szkola.parafialeeds.org.uk\/index.php?rest_route=%2Fwp%2Fv2%2Fcomments&post=22"}],"version-history":[{"count":4,"href":"https:\/\/szkola.parafialeeds.org.uk\/index.php?rest_route=\/wp\/v2\/pages\/22\/revisions"}],"predecessor-version":[{"id":592,"href":"https:\/\/szkola.parafialeeds.org.uk\/index.php?rest_route=\/wp\/v2\/pages\/22\/revisions\/592"}],"wp:attachment":[{"href":"https:\/\/szkola.parafialeeds.org.uk\/index.php?rest_route=%2Fwp%2Fv2%2Fmedia&parent=22"}],"curies":[{"name":"wp","href":"https:\/\/api.w.org\/{rel}","templated":true}]}}