{"id":21,"date":"2018-05-27T05:37:26","date_gmt":"2018-05-27T05:37:26","guid":{"rendered":"https:\/\/www.polszkaszkolaleeds.org.uk\/?page_id=21"},"modified":"2019-06-25T11:11:19","modified_gmt":"2019-06-25T11:11:19","slug":"odbior-dzieci","status":"publish","type":"page","link":"https:\/\/szkola.parafialeeds.org.uk\/?page_id=21","title":{"rendered":"Odbi\u00f3r dzieci"},"content":{"rendered":"<p><strong>ODBIERANIE DZIECI ZE SZKO\u0141Y.<\/strong><\/p>\n<p>Uprzejmie prosimy rodzic\u00f3w\/opiekun\u00f3w, by nie stali pod oknami lub pod drzwiami do klas, przed zako\u0144czeniem lekcji, tj. przed godzinn\u0105 pierwsz\u0105. Po pierwsze utrudnia to dzieciom koncentracj\u0119 na wci\u0105\u017c odbywaj\u0105cych si\u0119 zaj\u0119ciach, a po drugie nie jest to dozwolone ze wzgl\u0119du na przepisy BHP (blokowanie wyj\u015b\u0107 awaryjnych).<\/p>\n<p>Przypominamy r\u00f3wnie\u017c, \u017ce nauczyciel pozwoli dziecku opu\u015bci\u0107 teren szko\u0142y tylko z rodzicem\/opiekunem, a w towarzystwie osoby trzeciej tylko za pisemn\u0105 zgod\u0105 rodzic\u00f3w lub upowa\u017cnionego opiekuna.<\/p>\n<p><strong>Przedszkolaki oraz uczniowie klas zerowych, pierwszych i drugich odprowadzane i odbierane b\u0119d\u0105 przez rodzic\u00f3w\/opiekun\u00f3w z du\u017cej sali gdzie pozostan\u0105 pod opiek\u0105 wychowawcy.<\/strong><\/p>\n<p>Uczniowie s\u0105 zobowi\u0105zani przebywa\u0107 na terenie szko\u0142y od rozpocz\u0119cia do zako\u0144czenia zaj\u0119\u0107.<\/p>\n<p><strong>Zabronione jest opuszczanie terenu szko\u0142y podczas przerw.<\/strong><\/p>\n","protected":false},"excerpt":{"rendered":"<p>ODBIERANIE DZIECI ZE SZKO\u0141Y. Uprzejmie prosimy rodzic\u00f3w\/opiekun\u00f3w, by nie stali pod oknami lub pod drzwiami do klas, przed zako\u0144czeniem lekcji, tj. przed godzinn\u0105 pierwsz\u0105. Po pierwsze utrudnia to dzieciom koncentracj\u0119&#8230; <a href=\"https:\/\/szkola.parafialeeds.org.uk\/?page_id=21\">Read more &raquo;<\/a><\/p>\n","protected":false},"author":1,"featured_media":0,"parent":0,"menu_order":0,"comment_status":"closed","ping_status":"closed","template":"","meta":{"footnotes":""},"class_list":["post-21","page","type-page","status-publish","hentry"],"_links":{"self":[{"href":"https:\/\/szkola.parafialeeds.org.uk\/index.php?rest_route=\/wp\/v2\/pages\/21","targetHints":{"allow":["GET"]}}],"collection":[{"href":"https:\/\/szkola.parafialeeds.org.uk\/index.php?rest_route=\/wp\/v2\/pages"}],"about":[{"href":"https:\/\/szkola.parafialeeds.org.uk\/index.php?rest_route=\/wp\/v2\/types\/page"}],"author":[{"embeddable":true,"href":"https:\/\/szkola.parafialeeds.org.uk\/index.php?rest_route=\/wp\/v2\/users\/1"}],"replies":[{"embeddable":true,"href":"https:\/\/szkola.parafialeeds.org.uk\/index.php?rest_route=%2Fwp%2Fv2%2Fcomments&post=21"}],"version-history":[{"count":5,"href":"https:\/\/szkola.parafialeeds.org.uk\/index.php?rest_route=\/wp\/v2\/pages\/21\/revisions"}],"predecessor-version":[{"id":521,"href":"https:\/\/szkola.parafialeeds.org.uk\/index.php?rest_route=\/wp\/v2\/pages\/21\/revisions\/521"}],"wp:attachment":[{"href":"https:\/\/szkola.parafialeeds.org.uk\/index.php?rest_route=%2Fwp%2Fv2%2Fmedia&parent=21"}],"curies":[{"name":"wp","href":"https:\/\/api.w.org\/{rel}","templated":true}]}}