{"id":20,"date":"2018-05-27T05:37:26","date_gmt":"2018-05-27T05:37:26","guid":{"rendered":"https:\/\/www.polszkaszkolaleeds.org.uk\/?page_id=20"},"modified":"2024-09-04T21:33:37","modified_gmt":"2024-09-04T21:33:37","slug":"platnosci-za-szkole","status":"publish","type":"page","link":"https:\/\/szkola.parafialeeds.org.uk\/?page_id=20","title":{"rendered":"P\u0142atno\u015bci za Szko\u0142\u0119"},"content":{"rendered":"<p><strong>OP\u0141ATY ZA SZKO\u0141\u0118<\/strong><\/p>\n<p>P\u0142atno\u015bci na rok szkolny 2024\/2025 wynosz\u0105:<\/p>\n<ul>\n<li>Jedno dziecko: \u00a3360 za ca\u0142y rok (9 rat po \u00a340) + \u00a320 za podr\u0119cznik<\/li>\n<li>Dwoje dzieci: \u00a3684 za ca\u0142y rok (9 rat po \u00a376) + \u00a330 za podr\u0119czniki<\/li>\n<li>Troje dzieci: \u00a3936 za ca\u0142y rok (9 rat po \u00a3104) + \u00a340 za podr\u0119czniki<\/li>\n<\/ul>\n<p>Op\u0142aty mo\u017cna uiszcza\u0107 w ca\u0142o\u015bci lub w ratach jak podano powy\u017cej co miesi\u0105c od wrze\u015bnia do maja. Suma wp\u0142acona z g\u00f3ry b\u0119dzie gwarantowa\u0142a miejsce dla ucznia w szkole. Przyjmujemy p\u0142atno\u015b\u0107 got\u00f3wk\u0105, lub kart\u0105 w soboty rano, lub mo\u017cna p\u0142aci\u0107 prosto na konto szkolne:-<\/p>\n<div>Account Name: Polska Szkola Sobotnia Leeds<\/div>\n<div>Sort Code: 30-00-05<\/div>\n<div>Account Number: 01700107<\/div>\n<div>Reference\u00a0<strong><em>Imi\u0119 i Nazwisko Dziecka<\/em><\/strong><\/div>\n<div>\u00a0<\/div>\n<p>Rodzice maj\u0105cy jakiekolwiek pytania dotycz\u0105ce p\u0142atno\u015bci prosimy o kontakt z skarbnikiem, Zygmuntem Green:\u00a0<a href=\"mailto:skarbnik@parafialeeds.org.uk\">skarbnik@parafialeeds.org.uk<\/a><\/p>\n\n\n<p><\/p>\n","protected":false},"excerpt":{"rendered":"<p>OP\u0141ATY ZA SZKO\u0141\u0118 P\u0142atno\u015bci na rok szkolny 2024\/2025 wynosz\u0105: Jedno dziecko: \u00a3360 za ca\u0142y rok (9 rat po \u00a340) + \u00a320 za podr\u0119cznik Dwoje dzieci: \u00a3684 za ca\u0142y rok (9&#8230; <a href=\"https:\/\/szkola.parafialeeds.org.uk\/?page_id=20\">Read more &raquo;<\/a><\/p>\n","protected":false},"author":1,"featured_media":0,"parent":0,"menu_order":0,"comment_status":"closed","ping_status":"closed","template":"","meta":{"footnotes":""},"class_list":["post-20","page","type-page","status-publish","hentry"],"_links":{"self":[{"href":"https:\/\/szkola.parafialeeds.org.uk\/index.php?rest_route=\/wp\/v2\/pages\/20","targetHints":{"allow":["GET"]}}],"collection":[{"href":"https:\/\/szkola.parafialeeds.org.uk\/index.php?rest_route=\/wp\/v2\/pages"}],"about":[{"href":"https:\/\/szkola.parafialeeds.org.uk\/index.php?rest_route=\/wp\/v2\/types\/page"}],"author":[{"embeddable":true,"href":"https:\/\/szkola.parafialeeds.org.uk\/index.php?rest_route=\/wp\/v2\/users\/1"}],"replies":[{"embeddable":true,"href":"https:\/\/szkola.parafialeeds.org.uk\/index.php?rest_route=%2Fwp%2Fv2%2Fcomments&post=20"}],"version-history":[{"count":13,"href":"https:\/\/szkola.parafialeeds.org.uk\/index.php?rest_route=\/wp\/v2\/pages\/20\/revisions"}],"predecessor-version":[{"id":643,"href":"https:\/\/szkola.parafialeeds.org.uk\/index.php?rest_route=\/wp\/v2\/pages\/20\/revisions\/643"}],"wp:attachment":[{"href":"https:\/\/szkola.parafialeeds.org.uk\/index.php?rest_route=%2Fwp%2Fv2%2Fmedia&parent=20"}],"curies":[{"name":"wp","href":"https:\/\/api.w.org\/{rel}","templated":true}]}}