{"id":18,"date":"2018-05-27T05:37:26","date_gmt":"2018-05-27T05:37:26","guid":{"rendered":"https:\/\/www.polszkaszkolaleeds.org.uk\/?page_id=18"},"modified":"2018-05-27T06:52:51","modified_gmt":"2018-05-27T06:52:51","slug":"cel-i-zadania-szkoly","status":"publish","type":"page","link":"https:\/\/szkola.parafialeeds.org.uk\/?page_id=18","title":{"rendered":"Cel i Zadania Szko\u0142y"},"content":{"rendered":"<p><strong>CELE i ZADANIA NASZEJ SZKO\u0141Y &#8211; SYSTEM WARTO\u015aCI.<\/strong><\/p>\n<p>Nadrz\u0119dnym celem naszej szko\u0142y jest wszechstronny rozw\u00f3j osobowo\u015bci naszych uczni\u00f3w na drodze pracy pedagogicznej i wychowawczej.<\/p>\n<p>Do naszych tj. Szko\u0142y zada\u0144 w tym zakresie nale\u017cy w szczeg\u00f3lno\u015bci:<\/p>\n<ul>\n<li>umo\u017cliwienie zdobycia wiedzy i umiej\u0119tno\u015bci niezb\u0119dnych do uzyskania poziomu umiejetno\u015bci j\u0119zykowej i wiedzy kulturowej, kt\u00f3re umozliwi\u0105 uczniowi sprawne poruszanie sie nie tylko w sferze j\u0119zykowej ale tak\u017ce na obszarze kultury przez nasz j\u0119zyk reprezentowanym.<\/li>\n<li>sprawowanie opieki nad uczniami odpowiednio do ich potrzeb i mo\u017cliwo\u015bci szko\u0142y;<\/li>\n<li>kszta\u0142towanie postaw dojrza\u0142ej osobowo\u015bci, odznaczaj\u0105cej si\u0119 otwarto\u015bci\u0105 na innych ludzi, \u017cyczliwo\u015bci\u0105 wobec innych oraz odpowiedzialno\u015bci\u0105 za drugiego cz\u0142owieka;<\/li>\n<li>rozwijanie wra\u017cliwo\u015bci na krzywd\u0119 innych ludzi, d\u0105\u017cenie do budowania wi\u0119zi miedzy pokoleniami;<\/li>\n<li>pog\u0142\u0119bianie mi\u0142o\u015bci i szacunku do Ojczyzny;<\/li>\n<li>wdra\u017canie do dyscypliny i szacunku do pracy;<\/li>\n<li>umo\u017cliwianie rozwijania zainteresowa\u0144 uczni\u00f3w;<\/li>\n<li>udzielanie uczniom pomocy pedagogicznej.<\/li>\n<\/ul>\n<p><strong><\/p>\n<p><\/strong><\/p>\n<p><strong>Szko\u0142a nasza ma za sob\u0105 wieloletni\u0105 chwalebn\u0105 histori\u0119. W jej murach wychiowa\u0142o si\u0119 kilka pokole\u0144 Polak\u00f3w. Nauczanie w naszej Szkole odbywa\u0142o sie oparciu o system warto\u015bci wychowawczych ustanowionych w naszej szkole u jej zarania:<\/strong><\/p>\n<p>1. Chrze\u015bcija\u0144ski system warto\u015bci \u2013 jako podstawa przyj\u0119cia uniwersalnych zasad etyki.<\/p>\n<p>2. Kszta\u0142towanie postaw m\u0142odzie\u017cy szkolnej i cech osobowo\u015bci, takich jak pracowito\u015b\u0107, uczciwo\u015b\u0107, rzetelno\u015b\u0107, umiej\u0119tno\u015b\u0107 przezwyci\u0119\u017cania trudno\u015bci, przedsi\u0119biorczo\u015b\u0107, krytycyzm.<\/p>\n<p>3. Tworzenie klimatu \u017cyczliwo\u015bci<\/p>\n<p>4. Rozr\u00f3\u017cnianie i piel\u0119gnowanie uczu\u0107 kole\u017ce\u0144stwa, przyja\u017ani i mi\u0142o\u015bci.<\/p>\n<p>5. Rozwijanie w uczniach postawy ciekawo\u015bci i otwarto\u015bci.<\/p>\n<p>6. Poczucie wsp\u00f3\u0142odpowiedzialno\u015bci za szko\u0142\u0119 i poszanowanie mienia spo\u0142ecznego.<\/p>\n<p>7. Tradycja i wielkie bogactwo kultury i sztuki oraz ich rola w \u017cyciu cz\u0142owieka ze szczeg\u00f3lnym uwzgl\u0119dnieniem \u201ema\u0142ej ojczyzny\u201d.<\/p>\n<p>8. Mi\u0142o\u015b\u0107 Ojczyzny oraz poszanowanie dla polskiego dziedzictwa kulturowego m.in. poprzez odwo\u0142ywanie si\u0119 do autorytet\u00f3w wielkich Polak\u00f3w.<\/p>\n<p>9. Otwarcie na warto\u015bci kultur Europy i \u015bwiata.<\/p>\n<p>10. Przygotowanie ucznia do wype\u0142niania obowi\u0105zk\u00f3w rodzinnych i obywatelskich w oparciu o zasady solidarno\u015bci, demokracji i sprawiedliwo\u015bci.<\/p>\n<p>&nbsp;<\/p>\n<p>Statutowe cele i zadania szko\u0142y realizuj\u0105 nauczyciele, wychowawcy i inni pracownicy pedagogiczni wraz z uczniami w procesie dzia\u0142alno\u015bci lekcyjnej. Zadaniem grona pedagogicznego jest stworzenie takich warunk\u00f3w nauczania, kt\u00f3re sprawi\u0105, \u017ce ucze\u0144 b\u0119dzie chcia\u0142 uczestniczyc w zaj\u0119ciach naszej szko\u0142y i korzysta\u0142 z nich w spos\u00f3b efektywny.<\/p>\n<p>Pragniemy w tym celu stworzyc takie \u015brodowisko nauczania, kt\u00f3re b\u0119dzie dla ucznia stymuluj\u0105ce intelektualnie i atrakcyjne.<\/p>\n<p>Zadaniem naszym jest:<\/p>\n<ul>\n<li>efektywne wykorzystanie czasu ka\u017cdej jednostki lekcyjnej.<\/li>\n<li>wskazywanie r\u00f3\u017cnorodnych \u017ar\u00f3de\u0142 informacji oraz kszta\u0142towaniu umiej\u0119tno\u015bci skutecznego pozyskiwania po\u017c\u0105danych informacji.<\/li>\n<li>zaopatrywanie biblioteki szkolnej w lektury, czasopisma, r\u00f3\u017cnorodn\u0105 literatur\u0119, nagrania dvd i p\u0142yty kompaktowe z programami multimedialnymi.<\/li>\n<li>zaopatrywanie pracowni szkolnych w pomoce dydaktyczne.<\/li>\n<li>kszta\u0142towanie \u015brodowiska wychowawczego oraz udzielanie uczniom wszelkiej mo\u017cliwej pomocy.<\/li>\n<li>\u015bcis\u0142a wsp\u00f3\u0142pracy z rodzicami uczni\u00f3w poprzez zebrania rodzicielskie i rozmowy indywidualne.<\/li>\n<li>\u015bcis\u0142a wsp\u00f3\u0142praca dyrektora szko\u0142y, wychowawc\u00f3w, opiekun\u00f3w i nauczycieli w zakresie organizacji r\u00f3\u017cnorodnych imprez szkolnych.<\/li>\n<li>organizacja i udzial w szkolnych uroczysto\u015bciach rocznicowych .<\/li>\n<li>dbanie o kultur\u0119 j\u0119zyka w trakcie prowadzenia zaj\u0119\u0107.<\/li>\n<li>promowanie kultury w\u0142asnej nauczycieli, wychowawc\u00f3w i innych pracownik\u00f3w szko\u0142y w obcowaniu z m\u0142odzie\u017c\u0105.<\/li>\n<li>zach\u0119canie do czynnego uczestnictwa w lekcjach religii oraz rekolekcjach parafialnych i innych praktykach religijnych.<\/li>\n<li>umo\u017cliwianie osobom katechizuj\u0105cym rozwijania zainteresowa\u0144 religijnych m\u0142odzie\u017cy, poprzez prac\u0119 w k\u00f3\u0142kach zainteresowa\u0144, organizowaniu widowisk, wycieczek i innych imprez na terenie szko\u0142y i poza szko\u0142\u0105.<\/li>\n<li>umo\u017cliwianie uczniom udzia\u0142u w konkursach organizowanych przez Polsk\u0105 Macierz Szkolna lub inne jednostki promujace rozw\u00f3j j\u0119zyka.<\/li>\n<li>poszerzanie wiadomo\u015bci uczni\u00f3w poprzez wskazywanie odpowiedniej literatury i prasy.<\/li>\n<\/ul>\n<p>&nbsp;<\/p>\n<p>Jednocze\u015bnie liczymy na Pa\u0144stwa, czyli Rodzic\u00f3w, wsp\u00f3\u0142prac\u0119 z nami.<\/p>\n<p>Pami\u0119tajmy &#8211; Uczniowie podczas uczestniczenia w zaj\u0119ciach obowi\u0105zkowych, nadobowi\u0105zkowych i pozalekcyjnych przebywaj\u0105 pod opiek\u0105 nauczycieli prowadz\u0105cych te zaj\u0119cia. Zabronione jest zwalnianie uczni\u00f3w z zaj\u0119\u0107, za wyj\u0105tkiem pisemnej pro\u015bby rodzic\u00f3w oraz wyj\u015b\u0107 do lekarza.<\/p>\n","protected":false},"excerpt":{"rendered":"<p>CELE i ZADANIA NASZEJ SZKO\u0141Y &#8211; SYSTEM WARTO\u015aCI. Nadrz\u0119dnym celem naszej szko\u0142y jest wszechstronny rozw\u00f3j osobowo\u015bci naszych uczni\u00f3w na drodze pracy pedagogicznej i wychowawczej. Do naszych tj. Szko\u0142y zada\u0144 w&#8230; <a href=\"https:\/\/szkola.parafialeeds.org.uk\/?page_id=18\">Read more &raquo;<\/a><\/p>\n","protected":false},"author":1,"featured_media":0,"parent":0,"menu_order":0,"comment_status":"closed","ping_status":"closed","template":"","meta":{"footnotes":""},"class_list":["post-18","page","type-page","status-publish","hentry"],"_links":{"self":[{"href":"https:\/\/szkola.parafialeeds.org.uk\/index.php?rest_route=\/wp\/v2\/pages\/18","targetHints":{"allow":["GET"]}}],"collection":[{"href":"https:\/\/szkola.parafialeeds.org.uk\/index.php?rest_route=\/wp\/v2\/pages"}],"about":[{"href":"https:\/\/szkola.parafialeeds.org.uk\/index.php?rest_route=\/wp\/v2\/types\/page"}],"author":[{"embeddable":true,"href":"https:\/\/szkola.parafialeeds.org.uk\/index.php?rest_route=\/wp\/v2\/users\/1"}],"replies":[{"embeddable":true,"href":"https:\/\/szkola.parafialeeds.org.uk\/index.php?rest_route=%2Fwp%2Fv2%2Fcomments&post=18"}],"version-history":[{"count":2,"href":"https:\/\/szkola.parafialeeds.org.uk\/index.php?rest_route=\/wp\/v2\/pages\/18\/revisions"}],"predecessor-version":[{"id":440,"href":"https:\/\/szkola.parafialeeds.org.uk\/index.php?rest_route=\/wp\/v2\/pages\/18\/revisions\/440"}],"wp:attachment":[{"href":"https:\/\/szkola.parafialeeds.org.uk\/index.php?rest_route=%2Fwp%2Fv2%2Fmedia&parent=18"}],"curies":[{"name":"wp","href":"https:\/\/api.w.org\/{rel}","templated":true}]}}